{"id":55,"date":"2021-12-14T00:09:29","date_gmt":"2021-12-13T23:09:29","guid":{"rendered":"http:\/\/au-pays-du-mont-blanc.com\/?page_id=55"},"modified":"2022-06-12T18:00:01","modified_gmt":"2022-06-12T16:00:01","slug":"contactez-nous","status":"publish","type":"page","link":"https:\/\/au-pays-du-mont-blanc.com\/index.php\/contactez-nous\/","title":{"rendered":"Contactez-nous"},"content":{"rendered":"\n<p><\/p>\n\n\n\n<h2 class=\"has-text-align-center wp-block-heading\">Acc\u00e8s, navettes, transport<\/h2>\n\n\n\n<p><\/p>\n\n\n\n<ul class=\"wp-block-list\"><li><strong><em>En voiture<\/em><\/strong> : Par autoroute jusqu&rsquo;\u00e0 Sallanches (9 km) puis par la nationale R.N. 212. Le temps pour joindre Combloux est de 5h30 depuis Paris, 2h00 depuis Lyon, 1h00 depuis Gen\u00e8ve, Aoste ou Annecy, 3h30 depuis Milan. &nbsp;<\/li><li><strong><em>En train<\/em><\/strong> : Acc\u00e8s direct par T.G.V. \u00e0 la gare S.N.C.F. de Sallanches puis liaisons par bus ou taxis. Trains directs depuis plusieurs grandes villes et ligne T.G.V. Paris-Saint-Gervais.<\/li><li><strong><em>En avion<\/em><\/strong> : A\u00e9roport de Gen\u00e8ve &#8211; 1h. A\u00e9roport d&rsquo;Annecy &#8211; 45min. A\u00e9roport de Lyon St Exup\u00e9ry &#8211; 2h. A\u00e9roport de Chamb\u00e9ry &#8211; 1h15. Altiport de Meg\u00e8ve &#8211; 7km. <\/li><li><strong><em>Navettes Village gratuites en saison<\/em><\/strong> : D\u00e9part \u00e0 8h15 de l&rsquo;Office de Tourisme &#8211; Derni\u00e8re descente \u00e0 17h30 du Parking la Cry. Environ toutes les 15min.<\/li><li><strong><em>Montenbus<\/em><\/strong> : Service de transport \u00e0 la demande de la communaut\u00e9 de communes (Combloux, Contamines Montjoie, Cordon, Demi-Quartier, Domancy, Meg\u00e8ve, Praz-sur-Arly, Passy, Saint Gervais les bains, Sallanches). Plus d&rsquo;informations \u00e0 cette adresse : <a href=\"https:\/\/www.montenbus.fr\/\" data-type=\"URL\" data-id=\"https:\/\/www.montenbus.fr\/\">https:\/\/www.montenbus.fr\/<\/a><\/li><li>Nouvelle r\u00e8glementation : Loi Montagne applicable d\u00e8s Novembre 2021. Plus d&rsquo;informations \u00e0 cette adresse : <a href=\"https:\/\/www.service-public.fr\/particuliers\/actualites\/A14389\">https:\/\/www.service-public.fr\/particuliers\/actualites\/A14389<\/a><\/li><\/ul>\n","protected":false},"excerpt":{"rendered":"<p>Acc\u00e8s, navettes, transport En voiture : Par autoroute jusqu&rsquo;\u00e0 Sallanches (9 km) puis par la nationale R.N. 212. Le temps pour joindre Combloux est de&#8230;<\/p>\n","protected":false},"author":1,"featured_media":0,"parent":0,"menu_order":0,"comment_status":"closed","ping_status":"closed","template":"custom-template\/contact-template.php","meta":{"_monsterinsights_skip_tracking":false,"_monsterinsights_sitenote_active":false,"_monsterinsights_sitenote_note":"","_monsterinsights_sitenote_category":0,"footnotes":""},"class_list":["post-55","page","type-page","status-publish","hentry"],"aioseo_notices":[],"jetpack_sharing_enabled":true,"_links":{"self":[{"href":"https:\/\/au-pays-du-mont-blanc.com\/index.php\/wp-json\/wp\/v2\/pages\/55","targetHints":{"allow":["GET"]}}],"collection":[{"href":"https:\/\/au-pays-du-mont-blanc.com\/index.php\/wp-json\/wp\/v2\/pages"}],"about":[{"href":"https:\/\/au-pays-du-mont-blanc.com\/index.php\/wp-json\/wp\/v2\/types\/page"}],"author":[{"embeddable":true,"href":"https:\/\/au-pays-du-mont-blanc.com\/index.php\/wp-json\/wp\/v2\/users\/1"}],"replies":[{"embeddable":true,"href":"https:\/\/au-pays-du-mont-blanc.com\/index.php\/wp-json\/wp\/v2\/comments?post=55"}],"version-history":[{"count":16,"href":"https:\/\/au-pays-du-mont-blanc.com\/index.php\/wp-json\/wp\/v2\/pages\/55\/revisions"}],"predecessor-version":[{"id":1365,"href":"https:\/\/au-pays-du-mont-blanc.com\/index.php\/wp-json\/wp\/v2\/pages\/55\/revisions\/1365"}],"wp:attachment":[{"href":"https:\/\/au-pays-du-mont-blanc.com\/index.php\/wp-json\/wp\/v2\/media?parent=55"}],"curies":[{"name":"wp","href":"https:\/\/api.w.org\/{rel}","templated":true}]}}